{"id":1076,"date":"2018-02-20T11:59:24","date_gmt":"2018-02-20T11:59:24","guid":{"rendered":"http:\/\/oamrvaslui.ro\/new\/?page_id=1076"},"modified":"2024-06-04T13:46:27","modified_gmt":"2024-06-04T11:46:27","slug":"lista-documentelor-tipizate","status":"publish","type":"page","link":"https:\/\/oamrvaslui.ro\/new\/lista-documentelor-tipizate\/","title":{"rendered":"Lista documentelor tipizate"},"content":{"rendered":"<p><strong>Lista documentelor necesare ob\u0163inerii certificatului de membru:<\/strong><\/p>\r\n<ul>\r\n<li>Cerere de \u00eenscriere \u00een OAMGMAMR \u2013 Filiala Vaslui &#8211; <strong><a href=\"http:\/\/oamrvaslui.ro\/new\/wp-content\/uploads\/2018\/02\/CERERE-DE-INSCRIERE-2018.doc\" target=\"_blank\" rel=\"noopener\">Click aici pentru desc\u0103rcare<\/a><\/strong><\/li>\r\n<li>Cerere duplicat &#8211;\u00a0<strong><a href=\"http:\/\/oamrvaslui.ro\/new\/wp-content\/uploads\/2018\/02\/Cerere-duplicat-2018.doc\" target=\"_blank\" rel=\"noopener\">Click aici pentru desc\u0103rcare<\/a><\/strong><\/li>\r\n<li>Cerere de eliberare adeverin\u0163\u0103 de participare la concurs:\u00a0 <strong><a href=\"http:\/\/oamrvaslui.ro\/new\/new\/wp-content\/uploads\/2024\/05\/Cerere_de_eliberare_adeverinta_de_concurs_OAMGMAMR-Vaslui.doc\">.DOC<\/a>, <a href=\"http:\/\/oamrvaslui.ro\/new\/new\/wp-content\/uploads\/2024\/05\/Cerere_de_eliberare_adeverinta_de_concurs_OAMGMAMR-Vaslui.pdf\" target=\"_blank\" rel=\"noopener\">.PDF<\/a><\/strong><\/li>\r\n<li>Cerere de eliberare a adeverin\u0163ei de onorabilitate &#8211; <strong><a href=\"http:\/\/oamrvaslui.ro\/new\/wp-content\/uploads\/2018\/02\/Cerere-pentru-adev.-Onorabilitate-2018.docx\" target=\"_blank\" rel=\"noopener\">Click aici pentru desc\u0103rcare<\/a><\/strong><\/li>\r\n<li>Cerere de eliberare a duplicatului pentru certificatul de membru sau diplomele de participare la manifest\u0103rile EMC &#8211; <strong><a href=\"http:\/\/oamrvaslui.ro\/new\/wp-content\/uploads\/2018\/02\/Cerere-duplicat-2018-1.doc\" target=\"_blank\" rel=\"noopener\">Click aici pentru desc\u0103rcare<\/a><\/strong><\/li>\r\n<li>Cerere de reatestare a competen\u0163ei profesionale &#8211;<strong><a href=\"http:\/\/oamrvaslui.ro\/new\/new\/wp-content\/uploads\/2024\/06\/Cerere-reatestare-profesionala_OAMGMAMR-Vaslui.docx\" target=\"_blank\" rel=\"noopener\">Click aici pentru desc\u0103rcare<\/a><\/strong><\/li>\r\n<li>Cerere de suspendare din calitatea de membru al OAMGMAMR &#8211; <strong><a href=\"http:\/\/oamrvaslui.ro\/new\/wp-content\/uploads\/2018\/02\/cerere_de_suspendare-2018.doc\" target=\"_blank\" rel=\"noopener\">Click aici pentru desc\u0103rcare<\/a><\/strong><\/li>\r\n<li>Cerere de transfer \u00een alt\u0103 filial\u0103 OAMGMAMR &#8211; <strong><a href=\"http:\/\/oamrvaslui.ro\/new\/wp-content\/uploads\/2018\/02\/Cerere-Transfer-2018.docx\" target=\"_blank\" rel=\"noopener\">Click aici pentru desc\u0103rcare<\/a><\/strong><\/li>\r\n<li>Cerere status profesional curent &#8211;\u00a0<strong><a href=\"http:\/\/oamrvaslui.ro\/new\/new\/wp-content\/uploads\/2018\/11\/Cerere-Status-profesional-curent.pdf\" target=\"_blank\" rel=\"noopener\">Click aici pentru desc\u0103rcare<\/a><\/strong><\/li>\r\n<li>Declara\u021bie date cu caracter personal &#8211; <strong><a href=\"http:\/\/oamrvaslui.ro\/new\/new\/wp-content\/uploads\/2020\/10\/DECLARATIE-DATE-CARACTER-PERSONAL.docx\" target=\"_blank\" rel=\"noopener\">Click aici pentru desc\u0103rcare<\/a><\/strong><\/li>\r\n<\/ul>\r\n","protected":false},"excerpt":{"rendered":"<p>Lista documentelor necesare ob\u0163inerii certificatului de membru: Cerere de \u00eenscriere [&hellip;]<\/p>\n","protected":false},"author":1,"featured_media":0,"parent":0,"menu_order":0,"comment_status":"closed","ping_status":"closed","template":"","meta":{"footnotes":""},"class_list":["post-1076","page","type-page","status-publish","hentry"],"acf":[],"_links":{"self":[{"href":"https:\/\/oamrvaslui.ro\/new\/wp-json\/wp\/v2\/pages\/1076","targetHints":{"allow":["GET"]}}],"collection":[{"href":"https:\/\/oamrvaslui.ro\/new\/wp-json\/wp\/v2\/pages"}],"about":[{"href":"https:\/\/oamrvaslui.ro\/new\/wp-json\/wp\/v2\/types\/page"}],"author":[{"embeddable":true,"href":"https:\/\/oamrvaslui.ro\/new\/wp-json\/wp\/v2\/users\/1"}],"replies":[{"embeddable":true,"href":"https:\/\/oamrvaslui.ro\/new\/wp-json\/wp\/v2\/comments?post=1076"}],"version-history":[{"count":15,"href":"https:\/\/oamrvaslui.ro\/new\/wp-json\/wp\/v2\/pages\/1076\/revisions"}],"predecessor-version":[{"id":1978,"href":"https:\/\/oamrvaslui.ro\/new\/wp-json\/wp\/v2\/pages\/1076\/revisions\/1978"}],"wp:attachment":[{"href":"https:\/\/oamrvaslui.ro\/new\/wp-json\/wp\/v2\/media?parent=1076"}],"curies":[{"name":"wp","href":"https:\/\/api.w.org\/{rel}","templated":true}]}}