{"id":946,"date":"2018-02-18T10:11:50","date_gmt":"2018-02-18T10:11:50","guid":{"rendered":"http:\/\/oamrvaslui.ro\/new\/?page_id=946"},"modified":"2018-02-20T17:56:47","modified_gmt":"2018-02-20T17:56:47","slug":"institutii-nationale","status":"publish","type":"page","link":"https:\/\/oamrvaslui.ro\/new\/institutii-nationale\/","title":{"rendered":"Institu\u021bii na\u021bionale"},"content":{"rendered":"<p><a href=\"http:\/\/oamr.ro\" target=\"_self\">Ordinul Asisten\u021bilor Medicali Generali\u015fti, Moa\u0219elor \u0219i Asistentilor Medicali din Rom\u00e2nia<\/a><br \/>\n <a href=\"http:\/\/gov.ro\/\" target=\"_self\">Guvernul Rom\u00e2niei<\/a><br \/>\n <a href=\"http:\/\/www.ms.ro\/\" target=\"_self\">Ministerul S\u0103n\u0103t\u0103\u021bii<\/a><br \/>\n <a href=\"http:\/\/www.edu.ro\/\" target=\"_self\">Ministerul Educa\u0163iei Na\u0163ionale<\/a><br \/>\n <a href=\"http:\/\/www.srati.ro\/\" target=\"_self\">Societatea Rom\u00e2n\u0103 de Anestezie \u0219i Terapie Intensiv\u0103<\/a><\/p>\n<p><!-- 90358ab1b53fdee50a534c61e95677a8 --><\/p>\n","protected":false},"excerpt":{"rendered":"<p>Ordinul Asisten\u021bilor Medicali Generali\u015fti, Moa\u0219elor \u0219i Asistentilor Medicali din Rom\u00e2nia [&hellip;]<\/p>\n","protected":false},"author":1,"featured_media":0,"parent":0,"menu_order":0,"comment_status":"closed","ping_status":"closed","template":"visual-builder-template.php","meta":{"footnotes":""},"class_list":["post-946","page","type-page","status-publish","hentry"],"acf":[],"_links":{"self":[{"href":"https:\/\/oamrvaslui.ro\/new\/wp-json\/wp\/v2\/pages\/946","targetHints":{"allow":["GET"]}}],"collection":[{"href":"https:\/\/oamrvaslui.ro\/new\/wp-json\/wp\/v2\/pages"}],"about":[{"href":"https:\/\/oamrvaslui.ro\/new\/wp-json\/wp\/v2\/types\/page"}],"author":[{"embeddable":true,"href":"https:\/\/oamrvaslui.ro\/new\/wp-json\/wp\/v2\/users\/1"}],"replies":[{"embeddable":true,"href":"https:\/\/oamrvaslui.ro\/new\/wp-json\/wp\/v2\/comments?post=946"}],"version-history":[{"count":5,"href":"https:\/\/oamrvaslui.ro\/new\/wp-json\/wp\/v2\/pages\/946\/revisions"}],"predecessor-version":[{"id":1206,"href":"https:\/\/oamrvaslui.ro\/new\/wp-json\/wp\/v2\/pages\/946\/revisions\/1206"}],"wp:attachment":[{"href":"https:\/\/oamrvaslui.ro\/new\/wp-json\/wp\/v2\/media?parent=946"}],"curies":[{"name":"wp","href":"https:\/\/api.w.org\/{rel}","templated":true}]}}