{"id":952,"date":"2018-02-18T10:13:34","date_gmt":"2018-02-18T10:13:34","guid":{"rendered":"http:\/\/oamrvaslui.ro\/new\/?page_id=952"},"modified":"2018-02-20T18:02:34","modified_gmt":"2018-02-20T18:02:34","slug":"institutii-internationale","status":"publish","type":"page","link":"https:\/\/oamrvaslui.ro\/new\/institutii-internationale\/","title":{"rendered":"Institu\u021bii interna\u021bionale"},"content":{"rendered":"<p><a href=\"http:\/\/www.who.int\/en\/\" target=\"_self\">Organiza\u021bia Mondial\u0103 a S\u0103n\u0103t\u0103\u021bii<\/a><br \/>\n <a href=\"http:\/\/www.euro.who.int\/en\/home\" target=\"_self\">Organiza\u021bia Mondial\u0103 a S\u0103n\u0103t\u0103\u021bii \u2013 Biroul European<\/a><br \/>\n <a href=\"https:\/\/eurohealthnet.eu\/\" target=\"_self\">European Network of Health Promotion Agencies<\/a><br \/>\n <a href=\"https:\/\/www.cdc.gov\/\" target=\"_self\">Centers for Disease Control and Prevention<\/a><br \/>\n <a href=\"https:\/\/edition.cnn.com\/health\" target=\"_self\">CNN \u2013 informa\u021bii din domeniul s\u0103n\u0103t\u0103\u021bii<\/a><\/p>\n<p><!-- 71f79014751e90280047dae7794cf537 --><\/p>\n","protected":false},"excerpt":{"rendered":"<p>Organiza\u021bia Mondial\u0103 a S\u0103n\u0103t\u0103\u021bii Organiza\u021bia Mondial\u0103 a S\u0103n\u0103t\u0103\u021bii \u2013 Biroul [&hellip;]<\/p>\n","protected":false},"author":1,"featured_media":0,"parent":0,"menu_order":0,"comment_status":"closed","ping_status":"closed","template":"visual-builder-template.php","meta":{"footnotes":""},"class_list":["post-952","page","type-page","status-publish","hentry"],"acf":[],"_links":{"self":[{"href":"https:\/\/oamrvaslui.ro\/new\/wp-json\/wp\/v2\/pages\/952","targetHints":{"allow":["GET"]}}],"collection":[{"href":"https:\/\/oamrvaslui.ro\/new\/wp-json\/wp\/v2\/pages"}],"about":[{"href":"https:\/\/oamrvaslui.ro\/new\/wp-json\/wp\/v2\/types\/page"}],"author":[{"embeddable":true,"href":"https:\/\/oamrvaslui.ro\/new\/wp-json\/wp\/v2\/users\/1"}],"replies":[{"embeddable":true,"href":"https:\/\/oamrvaslui.ro\/new\/wp-json\/wp\/v2\/comments?post=952"}],"version-history":[{"count":2,"href":"https:\/\/oamrvaslui.ro\/new\/wp-json\/wp\/v2\/pages\/952\/revisions"}],"predecessor-version":[{"id":1207,"href":"https:\/\/oamrvaslui.ro\/new\/wp-json\/wp\/v2\/pages\/952\/revisions\/1207"}],"wp:attachment":[{"href":"https:\/\/oamrvaslui.ro\/new\/wp-json\/wp\/v2\/media?parent=952"}],"curies":[{"name":"wp","href":"https:\/\/api.w.org\/{rel}","templated":true}]}}